{"id":4182,"date":"2022-06-02T13:21:09","date_gmt":"2022-06-02T13:21:09","guid":{"rendered":"https:\/\/carobnisvijet.net\/?page_id=4182"},"modified":"2023-06-06T19:40:10","modified_gmt":"2023-06-06T19:40:10","slug":"eu-project","status":"publish","type":"page","link":"https:\/\/carobnisvijet.net\/?page_id=4182","title":{"rendered":"EU project"},"content":{"rendered":"<p>[vc_row][vc_column][vc_column_text css=&#8221;.vc_custom_1686080339360{background-image: url(https:\/\/carobnisvijet.net\/wp-content\/uploads\/2015\/04\/bg-CLASSES.png?id=309) !important;}&#8221;]<\/p>\n<figure class=\"wp-block-image size-large\"><img loading=\"lazy\" decoding=\"async\" class=\"alignnone wp-image-4183\" src=\"https:\/\/carobnisvijet.net\/wp-content\/uploads\/2022\/06\/DV-Carobni-svijet-web-1024x445.png\" alt=\"\" width=\"1024\" height=\"445\" \/><\/figure>\n<p style=\"text-align: center;\"><a href=\"http:\/\/www.strukturnifondovi.hr\/\" target=\"_blank\" rel=\"noopener\" data-saferedirecturl=\"https:\/\/www.google.com\/url?q=http:\/\/www.strukturnifondovi.hr&amp;source=gmail&amp;ust=1654524903909000&amp;usg=AOvVaw2VAnvakdjCQLFXRz7gdyql\">\u00a0www.strukturnifondovi.hr<\/a><\/p>\n<p style=\"text-align: center;\"><a href=\"http:\/\/www.esf.hr\/\" target=\"_blank\" rel=\"noopener\" data-saferedirecturl=\"https:\/\/www.google.com\/url?q=http:\/\/www.esf.hr&amp;source=gmail&amp;ust=1654524903909000&amp;usg=AOvVaw14cAe0yzCB_UDNNUPUkWiL\">www.esf.hr<\/a><\/p>\n<p>&nbsp;<\/p>\n<p style=\"text-align: center;\"><strong>CROATIAN:<\/strong><\/p>\n<p>&nbsp;<\/p>\n<p style=\"text-align: center;\"><strong>Naziv projekta:<\/strong> Du\u017ei dan u \u010carobnom svijetu<\/p>\n<p style=\"text-align: center;\"><\/p>\n<p style=\"text-align: center;\"><strong>Nositelj projekta:<\/strong> Dje\u010dji vrti\u0107 \u010carobni svijet<\/p>\n<p style=\"text-align: center;\"><\/p>\n<p style=\"text-align: center;\"><strong>Podru\u010dje provedbe projekta:<\/strong> Grad Zagreb<\/p>\n<p style=\"text-align: center;\"><strong>Razdoblje provedbe projekta:<\/strong> 01.03.2022. \u2013 01.11.2023. (20 mjeseci)<\/p>\n<p style=\"text-align: center;\"><strong>Ukupna vrijednost projekta:<\/strong> 2.458.680,00 HRK<\/p>\n<p style=\"text-align: center;\"><strong>Iznos EU potpore:<\/strong> 2.458.680,00 HRK<\/p>\n<p style=\"text-align: center;\"><\/p>\n<p style=\"text-align: center;\"><\/p>\n<p style=\"text-align: center;\"><\/p>\n<p style=\"text-align: center;\"><\/p>\n<p style=\"text-align: center;\"><strong>Cilj projekta:<\/strong> Projektom &#8220;Du\u017ei dan u \u010carobnom svijetu&#8221; omogu\u0107it \u0107e se uvo\u0111enje produljenog radnog vremena u Dje\u010djem vrti\u0107u \u010carobni svijet kroz razdoblje od 20 mjeseci, \u010dime \u0107e se omogu\u0107iti uskla\u0111ivanje poslovnog i obiteljskog \u017eivota kroz prilago\u0111avanje radnog vremena dje\u010djeg vrti\u0107a radnom vremenu roditelja.<\/p>\n<p style=\"text-align: center;\"><\/p>\n<p style=\"text-align: center;\"><strong>Aktivnosti projekta<\/strong>:<\/p>\n<p style=\"text-align: center;\"><\/p>\n<p style=\"text-align: center;\">\u2022 Omogu\u0107ena provedba produljenog radnog vremena za dvije grupe,<\/p>\n<p style=\"text-align: center;\"><\/p>\n<p style=\"text-align: center;\">\u2022 Produ\u017eeno radno vrijeme za pet sati dnevno (od 16:00h do 21:00h),<\/p>\n<p style=\"text-align: center;\"><\/p>\n<p style=\"text-align: center;\">\u2022 Uvedeni dodatni programi: STEM u vrti\u0107u, likovni, eko i kra\u0107i kineziolo\u0161ki program,<\/p>\n<p style=\"text-align: center;\"><\/p>\n<p style=\"text-align: center;\">\u2022 Nabavljena didakti\u010dka oprema i pomagala za potrebe produ\u017eenog radnog vremena,<\/p>\n<p style=\"text-align: center;\"><\/p>\n<p style=\"text-align: center;\">\u2022 Nabavljena oprema za kvalitetniju provedbu produ\u017eenog radnog vremena,<\/p>\n<p style=\"text-align: center;\"><\/p>\n<p style=\"text-align: center;\">\u2022 Sedam osoba sudjelovalo u programima stru\u010dnog usavr\u0161avanja,<\/p>\n<p style=\"text-align: center;\"><\/p>\n<p style=\"text-align: center;\">\u2022 Odr\u017eane po\u010detna i zavr\u0161na konferencija projekta s ukupno 40 sudionika,<\/p>\n<p style=\"text-align: center;\"><\/p>\n<p style=\"text-align: center;\">\u2022 Tiskano i distribuirano 200 letaka i 20 plakata za potrebe informiranja javnosti i vidljivosti projekta,<\/p>\n<p style=\"text-align: center;\"><\/p>\n<p style=\"text-align: center;\">\u2022 Izra\u0111en jedan rollup banner,<\/p>\n<p style=\"text-align: center;\"><\/p>\n<p style=\"text-align: center;\">\u2022 Izrada video materijala za \u0161irenje rezultata i promocije projekta,<\/p>\n<p style=\"text-align: center;\"><\/p>\n<p style=\"text-align: center;\">\u2022 Izra\u0111eno sedam izvje\u0161\u0107a o provedbi projekta i aktivnosti irovedeno stru\u010dno vo\u0111enje i upravljanje projektom te izrada narativnih i financijskih izvje\u0161taja od strane voditelja projekta.<\/p>\n<p style=\"text-align: center;\"><\/p>\n<p style=\"text-align: center;\"><strong>Rezultati projekta:<\/strong> Projektom &#8220;Du\u017ei dan u \u010darobnom svijetu&#8221; omogu\u0107eno je uvo\u0111enje produljenog radnog vremena u Dje\u010djem vrti\u0107u \u010carobni svijet kroz razdoblje od 20 mjeseci, \u010dime se omogu\u0107ilo uskla\u0111ivanje poslovnog i obiteljskog \u017eivota kroz prilago\u0111avanje radnog vremena dje\u010djeg vrti\u0107a radnom vremenu roditelja.<\/p>\n<p style=\"text-align: center;\"><\/p>\n<p style=\"text-align: center;\"><strong>Kontakt:<\/strong> Dje\u010dji vrti\u0107 \u010carobni svijet<\/p>\n<p style=\"text-align: center;\"><\/p>\n<p style=\"text-align: center;\">Bla\u017eenka Vukoja, voditeljica projekta<\/p>\n<p style=\"text-align: center;\"><\/p>\n<p style=\"text-align: center;\">Adresa: Remetski kamenjak 1, 10 000 Zagreb<\/p>\n<p style=\"text-align: center;\"><\/p>\n<p style=\"text-align: center;\">Kontakt: +385 98 928 8757<\/p>\n<p style=\"text-align: center;\"><\/p>\n<p style=\"text-align: center;\">E &#8211; mail: info@carobnisvijet.net<\/p>\n<p style=\"text-align: center;\"><\/p>\n<p style=\"text-align: center;\">Web stranica: http:\/\/www.carobnisvijet.net<\/p>\n<p style=\"text-align: center;\"><\/p>\n<p>&nbsp;<\/p>\n<p style=\"text-align: center;\"><\/p>\n<p style=\"text-align: center;\"><strong><u>ENGLISH:<\/u><\/strong><\/p>\n<p style=\"text-align: center;\"><\/p>\n<p style=\"text-align: center;\"><strong>Project title:<\/strong>\u00a0Longer day in the magical world<\/p>\n<p style=\"text-align: center;\"><\/p>\n<p style=\"text-align: center;\"><strong>Project holder:<\/strong>\u00a0Kindergarten Magic World<\/p>\n<p style=\"text-align: center;\"><\/p>\n<p style=\"text-align: center;\"><strong>Project implementation area:<\/strong>\u00a0City of Zagreb<\/p>\n<p style=\"text-align: center;\"><\/p>\n<p style=\"text-align: center;\"><strong>Project implementation period:<\/strong>\u00a001.03.2022. &#8211; 01.11.2023. (20 months)<\/p>\n<p style=\"text-align: center;\"><\/p>\n<p style=\"text-align: center;\"><strong>Total project value<\/strong>: HRK 2,458,680.00<\/p>\n<p style=\"text-align: center;\"><\/p>\n<p style=\"text-align: center;\"><strong>Amount of EU support:<\/strong>\u00a0HRK 2,458,680.00<\/p>\n<p style=\"text-align: center;\"><\/p>\n<p style=\"text-align: center;\"><strong>Project goal:<\/strong>\u00a0The project &#8220;Longer Day in the Magic World&#8221; will enable the introduction of extended working hours in the Kindergarten Magic World for 20 months, which will allow the reconciliation of business and family life by adjusting the working hours of the kindergarten.<\/p>\n<p style=\"text-align: center;\"><\/p>\n<p style=\"text-align: center;\"><strong>Project activities:<\/strong><\/p>\n<p style=\"text-align: center;\"><\/p>\n<p style=\"text-align: center;\">\u2022 Enabled implementation of extended working hours for two groups,<\/p>\n<p style=\"text-align: center;\"><\/p>\n<p style=\"text-align: center;\">\u2022 Extended working hours for 5 hours a day (from 16:00 to 21:00),<\/p>\n<p style=\"text-align: center;\"><\/p>\n<p style=\"text-align: center;\">\u2022 Introduced additional programs: STEM in kindergarten, art, eco and sports program,<\/p>\n<p style=\"text-align: center;\"><\/p>\n<p style=\"text-align: center;\">\u2022 Procured didactic equipment and aids for the needs of extended working hours,<\/p>\n<p style=\"text-align: center;\"><\/p>\n<p style=\"text-align: center;\">\u2022 Acquired equipment for better implementation of extended working hours,<\/p>\n<p style=\"text-align: center;\"><\/p>\n<p style=\"text-align: center;\">\u2022 seven people participated in professional development programs,<\/p>\n<p style=\"text-align: center;\"><\/p>\n<p style=\"text-align: center;\">\u2022 Initial and final conference of the project, with a total of 40 participants,<\/p>\n<p style=\"text-align: center;\"><\/p>\n<p style=\"text-align: center;\">\u2022 Printed and distributed 200 flyers and 20 posters to inform the public and the visibility of the project,<\/p>\n<p style=\"text-align: center;\"><\/p>\n<p style=\"text-align: center;\">\u2022 Made one rollup banner,<\/p>\n<p style=\"text-align: center;\"><\/p>\n<p style=\"text-align: center;\">\u2022 Production of video material for dissemination of results and promotion of the project,<\/p>\n<p style=\"text-align: center;\"><\/p>\n<p style=\"text-align: center;\">\u2022 seven reports on project implementation and prepared activities,<\/p>\n<p style=\"text-align: center;\"><\/p>\n<p style=\"text-align: center;\">\u2022 Conducted professional project management and preparation of narrative and financial reports by the project manager.<\/p>\n<p style=\"text-align: center;\"><\/p>\n<p style=\"text-align: center;\"><strong>Project results:\u00a0<\/strong>The project &#8220;Longer day in the magical world&#8221; enabled the introduction of extended working hours in the kindergarten Magic World for 20 months, which allowed the reconciliation of business and family life by adjusting the working hours of kindergarten to parents&#8217; working hours.<\/p>\n<p style=\"text-align: center;\"><\/p>\n<p style=\"text-align: center;\"><strong>Contact:<\/strong>\u00a0Kindergarten Magic World<\/p>\n<p style=\"text-align: center;\"><\/p>\n<p style=\"text-align: center;\">Bla\u017eenka Vukoja, project manager<\/p>\n<p style=\"text-align: center;\"><\/p>\n<p style=\"text-align: center;\">Address: Remetski kamenjak 1, 10 000 Zagreb<\/p>\n<p style=\"text-align: center;\"><\/p>\n<p style=\"text-align: center;\">Contact: +385 98 928 8757<\/p>\n<p style=\"text-align: center;\"><\/p>\n<p style=\"text-align: center;\">Email: info@carobnisvijet.net<\/p>\n<p style=\"text-align: center;\"><\/p>\n<p style=\"text-align: center;\">Website: http:\/\/www.carobnisvijet.net<\/p>\n<p style=\"text-align: center;\"><\/p>\n<p>[\/vc_column_text][\/vc_column][vc_column][\/vc_column][\/vc_row]<\/p>\n","protected":false},"excerpt":{"rendered":"<p>[vc_row][vc_column][vc_column_text css=&#8221;.vc_custom_1686080339360{background-image: url(https:\/\/carobnisvijet.net\/wp-content\/uploads\/2015\/04\/bg-CLASSES.png?id=309) !important;}&#8221;]<\/p>\n","protected":false},"author":1,"featured_media":0,"parent":0,"menu_order":0,"comment_status":"closed","ping_status":"closed","template":"","meta":{"_monsterinsights_skip_tracking":false,"_monsterinsights_sitenote_active":false,"_monsterinsights_sitenote_note":"","_monsterinsights_sitenote_category":0,"footnotes":""},"class_list":["post-4182","page","type-page","status-publish","hentry"],"_links":{"self":[{"href":"https:\/\/carobnisvijet.net\/index.php?rest_route=\/wp\/v2\/pages\/4182","targetHints":{"allow":["GET"]}}],"collection":[{"href":"https:\/\/carobnisvijet.net\/index.php?rest_route=\/wp\/v2\/pages"}],"about":[{"href":"https:\/\/carobnisvijet.net\/index.php?rest_route=\/wp\/v2\/types\/page"}],"author":[{"embeddable":true,"href":"https:\/\/carobnisvijet.net\/index.php?rest_route=\/wp\/v2\/users\/1"}],"replies":[{"embeddable":true,"href":"https:\/\/carobnisvijet.net\/index.php?rest_route=%2Fwp%2Fv2%2Fcomments&post=4182"}],"version-history":[{"count":15,"href":"https:\/\/carobnisvijet.net\/index.php?rest_route=\/wp\/v2\/pages\/4182\/revisions"}],"predecessor-version":[{"id":4491,"href":"https:\/\/carobnisvijet.net\/index.php?rest_route=\/wp\/v2\/pages\/4182\/revisions\/4491"}],"wp:attachment":[{"href":"https:\/\/carobnisvijet.net\/index.php?rest_route=%2Fwp%2Fv2%2Fmedia&parent=4182"}],"curies":[{"name":"wp","href":"https:\/\/api.w.org\/{rel}","templated":true}]}}